{"id":96,"date":"2019-08-14T07:41:19","date_gmt":"2019-08-14T07:41:19","guid":{"rendered":"https:\/\/demo.themeisle.com\/neve-lawyers\/?page_id=96"},"modified":"2023-09-22T10:58:54","modified_gmt":"2023-09-22T08:58:54","slug":"contact","status":"publish","type":"page","link":"https:\/\/evisoproprete.fr\/index.php\/contact\/","title":{"rendered":"Entretien locaux N\u00eemes Gard &#8211; Contact"},"content":{"rendered":"\t\t<div data-elementor-type=\"wp-post\" data-elementor-id=\"96\" class=\"elementor elementor-96\">\n\t\t\t\t\t\t\t\t\t<section class=\"elementor-section elementor-top-section elementor-element elementor-element-4aef426 elementor-section-boxed elementor-section-height-default elementor-section-height-default\" data-id=\"4aef426\" data-element_type=\"section\">\n\t\t\t\t\t\t<div class=\"elementor-container elementor-column-gap-default\">\n\t\t\t\t\t<div class=\"elementor-column elementor-col-100 elementor-top-column elementor-element elementor-element-004431b\" data-id=\"004431b\" data-element_type=\"column\">\n\t\t\t<div class=\"elementor-widget-wrap elementor-element-populated\">\n\t\t\t\t\t\t\t\t<section class=\"elementor-section elementor-inner-section elementor-element elementor-element-7744707 elementor-section-content-middle elementor-section-boxed elementor-section-height-default elementor-section-height-default\" data-id=\"7744707\" data-element_type=\"section\">\n\t\t\t\t\t\t<div class=\"elementor-container elementor-column-gap-default\">\n\t\t\t\t\t<div class=\"elementor-column elementor-col-50 elementor-inner-column elementor-element elementor-element-8ce8b9f\" data-id=\"8ce8b9f\" data-element_type=\"column\">\n\t\t\t<div class=\"elementor-widget-wrap elementor-element-populated\">\n\t\t\t\t\t\t\t\t<div class=\"elementor-element elementor-element-d89b984 elementor-widget elementor-widget-image\" data-id=\"d89b984\" data-element_type=\"widget\" data-widget_type=\"image.default\">\n\t\t\t\t<div class=\"elementor-widget-container\">\n\t\t\t\t\t\t\t\t\t\t\t\t\t\t\t<img decoding=\"async\" src=\"https:\/\/evisoproprete.fr\/wp-content\/uploads\/elementor\/thumbs\/neve-lawyers-demo-10-oj1f6gvcc7ok0jwk2kkmzwkxb052gjz3vqlsewr2i8.jpg\" title=\"neve-lawyers-demo-10\" alt=\"neve-lawyers-demo-10\" loading=\"lazy\" \/>\t\t\t\t\t\t\t\t\t\t\t\t\t\t\t<\/div>\n\t\t\t\t<\/div>\n\t\t\t\t\t<\/div>\n\t\t<\/div>\n\t\t\t\t<div class=\"elementor-column elementor-col-50 elementor-inner-column elementor-element elementor-element-ec92190\" data-id=\"ec92190\" data-element_type=\"column\" data-settings=\"{&quot;background_background&quot;:&quot;classic&quot;}\">\n\t\t\t<div class=\"elementor-widget-wrap elementor-element-populated\">\n\t\t\t\t\t\t\t\t<div class=\"elementor-element elementor-element-c2789b9 elementor-widget elementor-widget-heading\" data-id=\"c2789b9\" data-element_type=\"widget\" data-widget_type=\"heading.default\">\n\t\t\t\t<div class=\"elementor-widget-container\">\n\t\t\t<h2 class=\"elementor-heading-title elementor-size-default\">Contactez-nous<\/h2>\t\t<\/div>\n\t\t\t\t<\/div>\n\t\t\t\t<div class=\"elementor-element elementor-element-7b9ef4a elementor-widget-divider--view-line elementor-widget elementor-widget-divider\" data-id=\"7b9ef4a\" data-element_type=\"widget\" data-widget_type=\"divider.default\">\n\t\t\t\t<div class=\"elementor-widget-container\">\n\t\t\t\t\t<div class=\"elementor-divider\">\n\t\t\t<span class=\"elementor-divider-separator\">\n\t\t\t\t\t\t<\/span>\n\t\t<\/div>\n\t\t\t\t<\/div>\n\t\t\t\t<\/div>\n\t\t\t\t<div class=\"elementor-element elementor-element-61edc9b elementor-widget elementor-widget-text-editor\" data-id=\"61edc9b\" data-element_type=\"widget\" data-widget_type=\"text-editor.default\">\n\t\t\t\t<div class=\"elementor-widget-container\">\n\t\t\t\t\t\t\t<p><span style=\"font-family: helvetica, arial, sans-serif;\">Vous souhaitez un devis d\u00e9taill\u00e9 ? N&rsquo;h\u00e9sitez pas \u00e0 nous appeler ou \u00e0 remplir le formulaire que vous trouverez ci-dessous. Notre \u00e9quipe vous recontactera dans les plus brefs d\u00e9lais.<\/span><\/p>\t\t\t\t\t\t<\/div>\n\t\t\t\t<\/div>\n\t\t\t\t<div class=\"elementor-element elementor-element-700a5cd elementor-position-left elementor-view-default elementor-mobile-position-top elementor-vertical-align-top elementor-widget elementor-widget-icon-box\" data-id=\"700a5cd\" data-element_type=\"widget\" data-widget_type=\"icon-box.default\">\n\t\t\t\t<div class=\"elementor-widget-container\">\n\t\t\t\t\t<div class=\"elementor-icon-box-wrapper\">\n\t\t\t\t\t\t<div class=\"elementor-icon-box-icon\">\n\t\t\t\t<span  class=\"elementor-icon elementor-animation-\">\n\t\t\t\t<i aria-hidden=\"true\" class=\"fas fa-phone\"><\/i>\t\t\t\t<\/span>\n\t\t\t<\/div>\n\t\t\t\t\t\t<div class=\"elementor-icon-box-content\">\n\t\t\t\t<h4 class=\"elementor-icon-box-title\">\n\t\t\t\t\t<span  >\n\t\t\t\t\t\t06.42.40.72.76\t\t\t\t\t<\/span>\n\t\t\t\t<\/h4>\n\t\t\t\t\t\t\t\t\t<p class=\"elementor-icon-box-description\">\n\t\t\t\t\t\tBoris Reveilliez, g\u00e9rant Eviso Propret\u00e9\t\t\t\t\t<\/p>\n\t\t\t\t\t\t\t<\/div>\n\t\t<\/div>\n\t\t\t\t<\/div>\n\t\t\t\t<\/div>\n\t\t\t\t<div class=\"elementor-element elementor-element-3c6b625 elementor-position-left elementor-view-default elementor-mobile-position-top elementor-vertical-align-top elementor-widget elementor-widget-icon-box\" data-id=\"3c6b625\" data-element_type=\"widget\" data-widget_type=\"icon-box.default\">\n\t\t\t\t<div class=\"elementor-widget-container\">\n\t\t\t\t\t<div class=\"elementor-icon-box-wrapper\">\n\t\t\t\t\t\t<div class=\"elementor-icon-box-icon\">\n\t\t\t\t<span  class=\"elementor-icon elementor-animation-\">\n\t\t\t\t<i aria-hidden=\"true\" class=\"fas fa-store-alt\"><\/i>\t\t\t\t<\/span>\n\t\t\t<\/div>\n\t\t\t\t\t\t<div class=\"elementor-icon-box-content\">\n\t\t\t\t<h4 class=\"elementor-icon-box-title\">\n\t\t\t\t\t<span  >\n\t\t\t\t\t\tEviso Propret\u00e9\t\t\t\t\t<\/span>\n\t\t\t\t<\/h4>\n\t\t\t\t\t\t\t\t\t<p class=\"elementor-icon-box-description\">\n\t\t\t\t\t\t24 rue \u00c9lie Gr\u00e9<br>\n30000 N\u00eemes\t\t\t\t\t<\/p>\n\t\t\t\t\t\t\t<\/div>\n\t\t<\/div>\n\t\t\t\t<\/div>\n\t\t\t\t<\/div>\n\t\t\t\t\t<\/div>\n\t\t<\/div>\n\t\t\t\t\t\t\t<\/div>\n\t\t<\/section>\n\t\t\t\t\t<\/div>\n\t\t<\/div>\n\t\t\t\t\t\t\t<\/div>\n\t\t<\/section>\n\t\t\t\t<section class=\"elementor-section elementor-top-section elementor-element elementor-element-ba55f22 elementor-section-boxed elementor-section-height-default elementor-section-height-default\" data-id=\"ba55f22\" data-element_type=\"section\" data-settings=\"{&quot;background_background&quot;:&quot;classic&quot;}\">\n\t\t\t\t\t\t<div class=\"elementor-container elementor-column-gap-default\">\n\t\t\t\t\t<div class=\"elementor-column elementor-col-100 elementor-top-column elementor-element elementor-element-d773ca3\" data-id=\"d773ca3\" data-element_type=\"column\">\n\t\t\t<div class=\"elementor-widget-wrap elementor-element-populated\">\n\t\t\t\t\t\t\t\t<div class=\"elementor-element elementor-element-83d5003 elementor-widget elementor-widget-spacer\" data-id=\"83d5003\" data-element_type=\"widget\" data-widget_type=\"spacer.default\">\n\t\t\t\t<div class=\"elementor-widget-container\">\n\t\t\t\t\t<div class=\"elementor-spacer\">\n\t\t\t<div class=\"elementor-spacer-inner\"><\/div>\n\t\t<\/div>\n\t\t\t\t<\/div>\n\t\t\t\t<\/div>\n\t\t\t\t<section class=\"elementor-section elementor-inner-section elementor-element elementor-element-61f8636 elementor-section-boxed elementor-section-height-default elementor-section-height-default\" data-id=\"61f8636\" data-element_type=\"section\">\n\t\t\t\t\t\t<div class=\"elementor-container elementor-column-gap-default\">\n\t\t\t\t\t<div class=\"elementor-column elementor-col-50 elementor-inner-column elementor-element elementor-element-8904e14\" data-id=\"8904e14\" data-element_type=\"column\">\n\t\t\t<div class=\"elementor-widget-wrap elementor-element-populated\">\n\t\t\t\t\t\t\t\t<div class=\"elementor-element elementor-element-362d69b elementor-widget elementor-widget-heading\" data-id=\"362d69b\" data-element_type=\"widget\" data-settings=\"{&quot;_animation&quot;:&quot;none&quot;}\" data-widget_type=\"heading.default\">\n\t\t\t\t<div class=\"elementor-widget-container\">\n\t\t\t<h2 class=\"elementor-heading-title elementor-size-default\">Votre devis gratuit<\/h2>\t\t<\/div>\n\t\t\t\t<\/div>\n\t\t\t\t<div class=\"elementor-element elementor-element-800f6c7 elementor-widget-divider--view-line elementor-invisible elementor-widget elementor-widget-divider\" data-id=\"800f6c7\" data-element_type=\"widget\" data-settings=\"{&quot;_animation&quot;:&quot;fadeInDown&quot;}\" data-widget_type=\"divider.default\">\n\t\t\t\t<div class=\"elementor-widget-container\">\n\t\t\t\t\t<div class=\"elementor-divider\">\n\t\t\t<span class=\"elementor-divider-separator\">\n\t\t\t\t\t\t<\/span>\n\t\t<\/div>\n\t\t\t\t<\/div>\n\t\t\t\t<\/div>\n\t\t\t\t<div class=\"elementor-element elementor-element-3f89ab1 text-normal elementor-widget elementor-widget-heading\" data-id=\"3f89ab1\" data-element_type=\"widget\" data-settings=\"{&quot;_animation&quot;:&quot;none&quot;}\" data-widget_type=\"heading.default\">\n\t\t\t\t<div class=\"elementor-widget-container\">\n\t\t\t<span class=\"elementor-heading-title elementor-size-default\">Pour nous permettre d'analyser intuitivement votre demande, veuillez remplir tous les champs du formulaire. Nous vous rapp\u00e8lerons au plus vite et vous recevrez le ou les devis souhait\u00e9s dans votre bo\u00eete e-mail. Nous traitons votre demande dans les 48 heures.<\/span>\t\t<\/div>\n\t\t\t\t<\/div>\n\t\t\t\t<div class=\"elementor-element elementor-element-112a4b5 elementor-icon-list--layout-traditional elementor-list-item-link-full_width elementor-widget elementor-widget-icon-list\" data-id=\"112a4b5\" data-element_type=\"widget\" data-settings=\"{&quot;_animation&quot;:&quot;none&quot;}\" data-widget_type=\"icon-list.default\">\n\t\t\t\t<div class=\"elementor-widget-container\">\n\t\t\t\t\t<ul class=\"elementor-icon-list-items\">\n\t\t\t\t\t\t\t<li class=\"elementor-icon-list-item\">\n\t\t\t\t\t\t\t\t\t\t\t<span class=\"elementor-icon-list-icon\">\n\t\t\t\t\t\t\t<i aria-hidden=\"true\" class=\"fas fa-map-marker-alt\"><\/i>\t\t\t\t\t\t<\/span>\n\t\t\t\t\t\t\t\t\t\t<span class=\"elementor-icon-list-text\">24 rue \u00c9lie Gr\u00e9, N\u00eemes<\/span>\n\t\t\t\t\t\t\t\t\t<\/li>\n\t\t\t\t\t\t<\/ul>\n\t\t\t\t<\/div>\n\t\t\t\t<\/div>\n\t\t\t\t<div class=\"elementor-element elementor-element-3785d24 elementor-widget elementor-widget-google_maps\" data-id=\"3785d24\" data-element_type=\"widget\" data-widget_type=\"google_maps.default\">\n\t\t\t\t<div class=\"elementor-widget-container\">\n\t\t\t\t\t<div class=\"elementor-custom-embed\">\n\t\t\t<iframe loading=\"lazy\"\n\t\t\t\t\tsrc=\"https:\/\/maps.google.com\/maps?q=24%20Rue%20%C3%89lie%20Gr%C3%A9%2C%2030000%20N%C3%AEmes&#038;t=m&#038;z=10&#038;output=embed&#038;iwloc=near\"\n\t\t\t\t\ttitle=\"24 Rue \u00c9lie Gr\u00e9, 30000 N\u00eemes\"\n\t\t\t\t\taria-label=\"24 Rue \u00c9lie Gr\u00e9, 30000 N\u00eemes\"\n\t\t\t><\/iframe>\n\t\t<\/div>\n\t\t\t\t<\/div>\n\t\t\t\t<\/div>\n\t\t\t\t\t<\/div>\n\t\t<\/div>\n\t\t\t\t<div class=\"elementor-column elementor-col-50 elementor-inner-column elementor-element elementor-element-e659414\" data-id=\"e659414\" data-element_type=\"column\" data-settings=\"{&quot;background_background&quot;:&quot;classic&quot;}\">\n\t\t\t<div class=\"elementor-widget-wrap elementor-element-populated\">\n\t\t\t\t\t\t\t\t<div class=\"elementor-element elementor-element-9a46025 elementor-widget elementor-widget-shortcode\" data-id=\"9a46025\" data-element_type=\"widget\" data-widget_type=\"shortcode.default\">\n\t\t\t\t<div class=\"elementor-widget-container\">\n\t\t\t\t\t<div class=\"elementor-shortcode\">\n<div class=\"wpcf7 no-js\" id=\"wpcf7-f510-o1\" lang=\"fr-FR\" dir=\"ltr\" data-wpcf7-id=\"510\">\n<div class=\"screen-reader-response\"><p role=\"status\" aria-live=\"polite\" aria-atomic=\"true\"><\/p> <ul><\/ul><\/div>\n<form action=\"\/index.php\/wp-json\/wp\/v2\/pages\/96#wpcf7-f510-o1\" method=\"post\" class=\"wpcf7-form init\" aria-label=\"Formulaire de contact\" novalidate=\"novalidate\" data-status=\"init\">\n<fieldset class=\"hidden-fields-container\"><input type=\"hidden\" name=\"_wpcf7\" value=\"510\" \/><input type=\"hidden\" name=\"_wpcf7_version\" value=\"6.1.5\" \/><input type=\"hidden\" name=\"_wpcf7_locale\" value=\"fr_FR\" \/><input type=\"hidden\" name=\"_wpcf7_unit_tag\" value=\"wpcf7-f510-o1\" \/><input type=\"hidden\" name=\"_wpcf7_container_post\" value=\"0\" \/><input type=\"hidden\" name=\"_wpcf7_posted_data_hash\" value=\"\" \/>\n<\/fieldset>\n<p><label> Nom et pr\u00e9nom<br \/>\n<span class=\"wpcf7-form-control-wrap\" data-name=\"your-name\"><input size=\"40\" maxlength=\"400\" class=\"wpcf7-form-control wpcf7-text wpcf7-validates-as-required\" autocomplete=\"name\" aria-required=\"true\" aria-invalid=\"false\" value=\"\" type=\"text\" name=\"your-name\" \/><\/span> <\/label>\n<\/p>\n<p><label> E-mail<br \/>\n<span class=\"wpcf7-form-control-wrap\" data-name=\"your-email\"><input size=\"40\" maxlength=\"400\" class=\"wpcf7-form-control wpcf7-email wpcf7-validates-as-required wpcf7-text wpcf7-validates-as-email\" autocomplete=\"email\" aria-required=\"true\" aria-invalid=\"false\" value=\"\" type=\"email\" name=\"your-email\" \/><\/span> <\/label>\n<\/p>\n<p><label> Objet<br \/>\n<span class=\"wpcf7-form-control-wrap\" data-name=\"your-subject\"><input size=\"40\" maxlength=\"400\" class=\"wpcf7-form-control wpcf7-text wpcf7-validates-as-required\" aria-required=\"true\" aria-invalid=\"false\" value=\"\" type=\"text\" name=\"your-subject\" \/><\/span> <\/label>\n<\/p>\n<p><label> Message<br \/>\n<span class=\"wpcf7-form-control-wrap\" data-name=\"your-message\"><textarea cols=\"40\" rows=\"10\" maxlength=\"2000\" class=\"wpcf7-form-control wpcf7-textarea\" aria-invalid=\"false\" name=\"your-message\"><\/textarea><\/span> <\/label>\n<\/p>\n<p><span class=\"wpcf7-form-control-wrap\" data-name=\"quiz-904\"><label><span class=\"wpcf7-quiz-label\">Combien font 5 multipli\u00e9s par 5 ?<\/span> <input size=\"40\" class=\"wpcf7-form-control wpcf7-quiz\" autocomplete=\"off\" aria-required=\"true\" aria-invalid=\"false\" type=\"text\" name=\"quiz-904\" \/><\/label><input type=\"hidden\" name=\"_wpcf7_quiz_answer_quiz-904\" value=\"8eb7b1a122b42c8f726d3fb0ad7a7f7a\" \/><\/span>\n<\/p>\n<p><input class=\"wpcf7-form-control wpcf7-submit has-spinner\" type=\"submit\" value=\"Envoyer\" \/>\n<\/p><div class=\"wpcf7-response-output\" aria-hidden=\"true\"><\/div>\n<\/form>\n<\/div>\n<\/div>\n\t\t\t\t<\/div>\n\t\t\t\t<\/div>\n\t\t\t\t\t<\/div>\n\t\t<\/div>\n\t\t\t\t\t\t\t<\/div>\n\t\t<\/section>\n\t\t\t\t\t<\/div>\n\t\t<\/div>\n\t\t\t\t\t\t\t<\/div>\n\t\t<\/section>\n\t\t\t\t<section class=\"elementor-section elementor-top-section elementor-element elementor-element-eb71eb7 elementor-section-boxed elementor-section-height-default elementor-section-height-default\" data-id=\"eb71eb7\" data-element_type=\"section\">\n\t\t\t\t\t\t<div class=\"elementor-container elementor-column-gap-default\">\n\t\t\t\t\t<div class=\"elementor-column elementor-col-100 elementor-top-column elementor-element elementor-element-ad7d191\" data-id=\"ad7d191\" data-element_type=\"column\">\n\t\t\t<div class=\"elementor-widget-wrap\">\n\t\t\t\t\t\t\t\t\t<\/div>\n\t\t<\/div>\n\t\t\t\t\t\t\t<\/div>\n\t\t<\/section>\n\t\t\t\t\t\t\t<\/div>\n\t\t","protected":false},"excerpt":{"rendered":"<p>Contactez-nous Vous souhaitez un devis d\u00e9taill\u00e9 ? N&rsquo;h\u00e9sitez pas \u00e0 nous appeler ou \u00e0 remplir le formulaire que vous trouverez ci-dessous. Notre \u00e9quipe vous recontactera dans les plus brefs d\u00e9lais. 06.42.40.72.76 Boris Reveilliez, g\u00e9rant Eviso Propret\u00e9 Eviso Propret\u00e9 24 rue \u00c9lie Gr\u00e9 30000 N\u00eemes Votre devis gratuit Pour nous permettre d&rsquo;analyser intuitivement votre demande, veuillez&hellip;&nbsp;<a href=\"https:\/\/evisoproprete.fr\/index.php\/contact\/\" rel=\"bookmark\">Lire la suite &raquo;<span class=\"screen-reader-text\">Entretien locaux N\u00eemes Gard &#8211; Contact<\/span><\/a><\/p>\n","protected":false},"author":1,"featured_media":0,"parent":0,"menu_order":0,"comment_status":"closed","ping_status":"closed","template":"elementor_header_footer","meta":{"neve_meta_sidebar":"","neve_meta_container":"","neve_meta_enable_content_width":"","neve_meta_content_width":0,"neve_meta_title_alignment":"","neve_meta_author_avatar":"","neve_post_elements_order":"","neve_meta_disable_header":"","neve_meta_disable_footer":"","neve_meta_disable_title":"","footnotes":""},"class_list":["post-96","page","type-page","status-publish","hentry"],"yoast_head":"<!-- This site is optimized with the Yoast SEO plugin v27.0 - https:\/\/yoast.com\/product\/yoast-seo-wordpress\/ -->\n<title>Entretien locaux N\u00eemes Gard - Contact - EVISO PROPRET\u00c9<\/title>\n<meta name=\"description\" content=\"Demandez un devis \u00e0 Eviso Propret\u00e9, entreprise d&#039;entretien de locaux et de nettoyage situ\u00e9e \u00e0 N\u00eemes, Gard, et recevez-le sous 48 heures\" \/>\n<meta name=\"robots\" content=\"index, follow, max-snippet:-1, max-image-preview:large, max-video-preview:-1\" \/>\n<link rel=\"canonical\" href=\"https:\/\/evisoproprete.fr\/index.php\/contact\/\" \/>\n<meta property=\"og:locale\" content=\"fr_FR\" \/>\n<meta property=\"og:type\" content=\"article\" \/>\n<meta property=\"og:title\" content=\"Entretien locaux N\u00eemes Gard - Contact - EVISO PROPRET\u00c9\" \/>\n<meta property=\"og:description\" content=\"Demandez un devis \u00e0 Eviso Propret\u00e9, entreprise d&#039;entretien de locaux et de nettoyage situ\u00e9e \u00e0 N\u00eemes, Gard, et recevez-le sous 48 heures\" \/>\n<meta property=\"og:url\" content=\"https:\/\/evisoproprete.fr\/index.php\/contact\/\" \/>\n<meta property=\"og:site_name\" content=\"EVISO PROPRET\u00c9\" \/>\n<meta property=\"article:modified_time\" content=\"2023-09-22T08:58:54+00:00\" \/>\n<meta property=\"og:image\" content=\"https:\/\/evisoproprete.fr\/wp-content\/uploads\/elementor\/thumbs\/neve-lawyers-demo-10-oj1f6gvcc7ok0jwk2kkmzwkxb052gjz3vqlsewr2i8.jpg\" \/>\n<meta name=\"twitter:card\" content=\"summary_large_image\" \/>\n<meta name=\"twitter:label1\" content=\"Dur\u00e9e de lecture estim\u00e9e\" \/>\n\t<meta name=\"twitter:data1\" content=\"1 minute\" \/>\n<script type=\"application\/ld+json\" class=\"yoast-schema-graph\">{\"@context\":\"https:\/\/schema.org\",\"@graph\":[{\"@type\":\"WebPage\",\"@id\":\"https:\/\/evisoproprete.fr\/index.php\/contact\/\",\"url\":\"https:\/\/evisoproprete.fr\/index.php\/contact\/\",\"name\":\"Entretien locaux N\u00eemes Gard - Contact - EVISO PROPRET\u00c9\",\"isPartOf\":{\"@id\":\"https:\/\/evisoproprete.fr\/#website\"},\"primaryImageOfPage\":{\"@id\":\"https:\/\/evisoproprete.fr\/index.php\/contact\/#primaryimage\"},\"image\":{\"@id\":\"https:\/\/evisoproprete.fr\/index.php\/contact\/#primaryimage\"},\"thumbnailUrl\":\"https:\/\/evisoproprete.fr\/wp-content\/uploads\/elementor\/thumbs\/neve-lawyers-demo-10-oj1f6gvcc7ok0jwk2kkmzwkxb052gjz3vqlsewr2i8.jpg\",\"datePublished\":\"2019-08-14T07:41:19+00:00\",\"dateModified\":\"2023-09-22T08:58:54+00:00\",\"description\":\"Demandez un devis \u00e0 Eviso Propret\u00e9, entreprise d'entretien de locaux et de nettoyage situ\u00e9e \u00e0 N\u00eemes, Gard, et recevez-le sous 48 heures\",\"breadcrumb\":{\"@id\":\"https:\/\/evisoproprete.fr\/index.php\/contact\/#breadcrumb\"},\"inLanguage\":\"fr-FR\",\"potentialAction\":[{\"@type\":\"ReadAction\",\"target\":[\"https:\/\/evisoproprete.fr\/index.php\/contact\/\"]}]},{\"@type\":\"ImageObject\",\"inLanguage\":\"fr-FR\",\"@id\":\"https:\/\/evisoproprete.fr\/index.php\/contact\/#primaryimage\",\"url\":\"https:\/\/evisoproprete.fr\/wp-content\/uploads\/elementor\/thumbs\/neve-lawyers-demo-10-oj1f6gvcc7ok0jwk2kkmzwkxb052gjz3vqlsewr2i8.jpg\",\"contentUrl\":\"https:\/\/evisoproprete.fr\/wp-content\/uploads\/elementor\/thumbs\/neve-lawyers-demo-10-oj1f6gvcc7ok0jwk2kkmzwkxb052gjz3vqlsewr2i8.jpg\"},{\"@type\":\"BreadcrumbList\",\"@id\":\"https:\/\/evisoproprete.fr\/index.php\/contact\/#breadcrumb\",\"itemListElement\":[{\"@type\":\"ListItem\",\"position\":1,\"name\":\"Accueil\",\"item\":\"https:\/\/evisoproprete.fr\/\"},{\"@type\":\"ListItem\",\"position\":2,\"name\":\"Entretien locaux N\u00eemes Gard &#8211; Contact\"}]},{\"@type\":\"WebSite\",\"@id\":\"https:\/\/evisoproprete.fr\/#website\",\"url\":\"https:\/\/evisoproprete.fr\/\",\"name\":\"EVISO PROPRET\u00c9\",\"description\":\"\u2706 06 42 40 72 76 Nettoyage sur N\u00eemes et le Gard\",\"potentialAction\":[{\"@type\":\"SearchAction\",\"target\":{\"@type\":\"EntryPoint\",\"urlTemplate\":\"https:\/\/evisoproprete.fr\/?s={search_term_string}\"},\"query-input\":{\"@type\":\"PropertyValueSpecification\",\"valueRequired\":true,\"valueName\":\"search_term_string\"}}],\"inLanguage\":\"fr-FR\"}]}<\/script>\n<!-- \/ Yoast SEO plugin. -->","yoast_head_json":{"title":"Entretien locaux N\u00eemes Gard - Contact - EVISO PROPRET\u00c9","description":"Demandez un devis \u00e0 Eviso Propret\u00e9, entreprise d'entretien de locaux et de nettoyage situ\u00e9e \u00e0 N\u00eemes, Gard, et recevez-le sous 48 heures","robots":{"index":"index","follow":"follow","max-snippet":"max-snippet:-1","max-image-preview":"max-image-preview:large","max-video-preview":"max-video-preview:-1"},"canonical":"https:\/\/evisoproprete.fr\/index.php\/contact\/","og_locale":"fr_FR","og_type":"article","og_title":"Entretien locaux N\u00eemes Gard - Contact - EVISO PROPRET\u00c9","og_description":"Demandez un devis \u00e0 Eviso Propret\u00e9, entreprise d'entretien de locaux et de nettoyage situ\u00e9e \u00e0 N\u00eemes, Gard, et recevez-le sous 48 heures","og_url":"https:\/\/evisoproprete.fr\/index.php\/contact\/","og_site_name":"EVISO PROPRET\u00c9","article_modified_time":"2023-09-22T08:58:54+00:00","og_image":[{"url":"https:\/\/evisoproprete.fr\/wp-content\/uploads\/elementor\/thumbs\/neve-lawyers-demo-10-oj1f6gvcc7ok0jwk2kkmzwkxb052gjz3vqlsewr2i8.jpg","type":"","width":"","height":""}],"twitter_card":"summary_large_image","twitter_misc":{"Dur\u00e9e de lecture estim\u00e9e":"1 minute"},"schema":{"@context":"https:\/\/schema.org","@graph":[{"@type":"WebPage","@id":"https:\/\/evisoproprete.fr\/index.php\/contact\/","url":"https:\/\/evisoproprete.fr\/index.php\/contact\/","name":"Entretien locaux N\u00eemes Gard - Contact - EVISO PROPRET\u00c9","isPartOf":{"@id":"https:\/\/evisoproprete.fr\/#website"},"primaryImageOfPage":{"@id":"https:\/\/evisoproprete.fr\/index.php\/contact\/#primaryimage"},"image":{"@id":"https:\/\/evisoproprete.fr\/index.php\/contact\/#primaryimage"},"thumbnailUrl":"https:\/\/evisoproprete.fr\/wp-content\/uploads\/elementor\/thumbs\/neve-lawyers-demo-10-oj1f6gvcc7ok0jwk2kkmzwkxb052gjz3vqlsewr2i8.jpg","datePublished":"2019-08-14T07:41:19+00:00","dateModified":"2023-09-22T08:58:54+00:00","description":"Demandez un devis \u00e0 Eviso Propret\u00e9, entreprise d'entretien de locaux et de nettoyage situ\u00e9e \u00e0 N\u00eemes, Gard, et recevez-le sous 48 heures","breadcrumb":{"@id":"https:\/\/evisoproprete.fr\/index.php\/contact\/#breadcrumb"},"inLanguage":"fr-FR","potentialAction":[{"@type":"ReadAction","target":["https:\/\/evisoproprete.fr\/index.php\/contact\/"]}]},{"@type":"ImageObject","inLanguage":"fr-FR","@id":"https:\/\/evisoproprete.fr\/index.php\/contact\/#primaryimage","url":"https:\/\/evisoproprete.fr\/wp-content\/uploads\/elementor\/thumbs\/neve-lawyers-demo-10-oj1f6gvcc7ok0jwk2kkmzwkxb052gjz3vqlsewr2i8.jpg","contentUrl":"https:\/\/evisoproprete.fr\/wp-content\/uploads\/elementor\/thumbs\/neve-lawyers-demo-10-oj1f6gvcc7ok0jwk2kkmzwkxb052gjz3vqlsewr2i8.jpg"},{"@type":"BreadcrumbList","@id":"https:\/\/evisoproprete.fr\/index.php\/contact\/#breadcrumb","itemListElement":[{"@type":"ListItem","position":1,"name":"Accueil","item":"https:\/\/evisoproprete.fr\/"},{"@type":"ListItem","position":2,"name":"Entretien locaux N\u00eemes Gard &#8211; Contact"}]},{"@type":"WebSite","@id":"https:\/\/evisoproprete.fr\/#website","url":"https:\/\/evisoproprete.fr\/","name":"EVISO PROPRET\u00c9","description":"\u2706 06 42 40 72 76 Nettoyage sur N\u00eemes et le Gard","potentialAction":[{"@type":"SearchAction","target":{"@type":"EntryPoint","urlTemplate":"https:\/\/evisoproprete.fr\/?s={search_term_string}"},"query-input":{"@type":"PropertyValueSpecification","valueRequired":true,"valueName":"search_term_string"}}],"inLanguage":"fr-FR"}]}},"_links":{"self":[{"href":"https:\/\/evisoproprete.fr\/index.php\/wp-json\/wp\/v2\/pages\/96","targetHints":{"allow":["GET"]}}],"collection":[{"href":"https:\/\/evisoproprete.fr\/index.php\/wp-json\/wp\/v2\/pages"}],"about":[{"href":"https:\/\/evisoproprete.fr\/index.php\/wp-json\/wp\/v2\/types\/page"}],"author":[{"embeddable":true,"href":"https:\/\/evisoproprete.fr\/index.php\/wp-json\/wp\/v2\/users\/1"}],"replies":[{"embeddable":true,"href":"https:\/\/evisoproprete.fr\/index.php\/wp-json\/wp\/v2\/comments?post=96"}],"version-history":[{"count":61,"href":"https:\/\/evisoproprete.fr\/index.php\/wp-json\/wp\/v2\/pages\/96\/revisions"}],"predecessor-version":[{"id":518,"href":"https:\/\/evisoproprete.fr\/index.php\/wp-json\/wp\/v2\/pages\/96\/revisions\/518"}],"wp:attachment":[{"href":"https:\/\/evisoproprete.fr\/index.php\/wp-json\/wp\/v2\/media?parent=96"}],"curies":[{"name":"wp","href":"https:\/\/api.w.org\/{rel}","templated":true}]}}