{"id":397,"date":"2020-01-01T22:35:15","date_gmt":"2020-01-01T21:35:15","guid":{"rendered":"http:\/\/evisoproprete.fr\/?page_id=397"},"modified":"2023-12-05T11:00:33","modified_gmt":"2023-12-05T10:00:33","slug":"mentions-legales","status":"publish","type":"page","link":"https:\/\/evisoproprete.fr\/index.php\/mentions-legales\/","title":{"rendered":"Mentions l\u00e9gales"},"content":{"rendered":"\t\t<div data-elementor-type=\"wp-page\" data-elementor-id=\"397\" class=\"elementor elementor-397\">\n\t\t\t\t\t\t\t\t\t<section class=\"elementor-section elementor-top-section elementor-element elementor-element-adc230b elementor-section-boxed elementor-section-height-default elementor-section-height-default\" data-id=\"adc230b\" data-element_type=\"section\">\n\t\t\t\t\t\t<div class=\"elementor-container elementor-column-gap-default\">\n\t\t\t\t\t<div class=\"elementor-column elementor-col-100 elementor-top-column elementor-element elementor-element-1c80c85\" data-id=\"1c80c85\" data-element_type=\"column\">\n\t\t\t<div class=\"elementor-widget-wrap elementor-element-populated\">\n\t\t\t\t\t\t\t\t<div class=\"elementor-element elementor-element-e09b30a elementor-widget elementor-widget-text-editor\" data-id=\"e09b30a\" data-element_type=\"widget\" data-widget_type=\"text-editor.default\">\n\t\t\t\t<div class=\"elementor-widget-container\">\n\t\t\t\t\t\t\t<h2><span id=\"lwptoc20\">1 &#8211; \u00c9dition du site<\/span><\/h2>\nEn vertu de <a href=\"https:\/\/www.legifrance.gouv.fr\/affichTexte.do?cidTexte=JORFTEXT000000801164#LEGIARTI000042038977\" target=\"_blank\" rel=\"noreferrer noopener\">l&rsquo;article 6 de la loi n\u00b0 2004-575 du 21 juin 2004<\/a> pour la confiance dans l&rsquo;\u00e9conomie num\u00e9rique, il est pr\u00e9cis\u00e9 aux utilisateurs du site internet <strong><span class=\"ff_dynamic_value\" data-ref=\"url\" data-fallback=\"\">https:\/\/evisoproprete.fr\/<\/span><\/strong> l&rsquo;identit\u00e9 des diff\u00e9rents intervenants dans le cadre de sa r\u00e9alisation et de son suivi :\n<br \/><br \/>\n<strong>Propri\u00e9taire du site : <\/strong><span class=\"ff_dynamic_value\" data-ref=\"nom_proprietaire\" data-fallback=\"\">Monsieur Boris Reveilliez<\/span> &#8211; Contact : T\u00e9l. : 06 42 40 72 76 &#8211; Adresse : 24 rue \u00c9lie Gr\u00e9 &#8211; 30000 N\u00eemes<span class=\"ff_dynamic_value\" data-ref=\"adresse_postale\" data-fallback=\"\"> &#8211; France<\/span>\n<br \/><br \/>\n<strong>Identification de l&rsquo;entreprise :<\/strong> <span class=\"ff_dynamic_value\" data-ref=\"nom_proprietaire\" data-fallback=\"\">ALGORUN<\/span> SAS au capital<span class=\"ff_dynamic_value\" data-ref=\"capital_social\" data-fallback=\"\"> variable<\/span> &#8211; SIREN : <span class=\"ff_dynamic_value\" data-ref=\"siren\" data-fallback=\"\">848232955<\/span> &#8211; RCS Nevers 848 232 955 0015 &#8211; Adresse postale : <span class=\"ff_dynamic_value\" data-ref=\"adresse_postale\" data-fallback=\"\">24 Grande Rue &#8211; 58700 Premery &#8211; France<\/span>\n<br \/><br \/>\n<strong>Directeur de la publication : <\/strong><span class=\"ff_dynamic_value\" data-ref=\"nom_proprietaire\" data-fallback=\"\">ALGORUN SAS repr\u00e9sent\u00e9e par <\/span><span class=\"ff_dynamic_value\" data-ref=\"directeur_publication\" data-fallback=\"\">Mr Charles Pons<\/span> &#8211; Contact : <span class=\"ff_dynamic_value\" data-ref=\"contact_directeur\" data-fallback=\"\">07 49 79 45 67<\/span>\n<br \/><br \/>\n<strong>H\u00e9bergeur :<\/strong> <span class=\"ff_dynamic_value\" data-ref=\"nom_hebergeur\" data-fallback=\"\">ALGORUN<\/span> <span class=\"ff_dynamic_value\" data-ref=\"adresse_hebergeur\" data-fallback=\"\">24 Grande Rue &#8211; 58700 Premery &#8211; France<\/span> <span class=\"ff_dynamic_value\" data-ref=\"telephone_hebergeur\" data-fallback=\"\">09 72 65 40 93<\/span>\n<br \/><br \/>\n<strong>D\u00e9l\u00e9gu\u00e9 \u00e0 la protection des donn\u00e9es : <\/strong><span class=\"ff_dynamic_value\" data-ref=\"nom_proprietaire\" data-fallback=\"\">ALGORUN SAS repr\u00e9sent\u00e9e par <\/span><span class=\"ff_dynamic_value\" data-ref=\"dpo\" data-fallback=\"\">Mr Fr\u00e9d\u00e9ric Bernard<\/span>\n<br \/><br \/>\n<strong>Autres contributeurs :<\/strong> <span class=\"ff_dynamic_value\" data-ref=\"autres_contributeurs\" data-fallback=\"\">Contenu r\u00e9dig\u00e9 par Charles Pons, images issues de la collection gratuite Pixabay, site propuls\u00e9 par WordPress, th\u00e8me Neve<\/span>\n\n<hr class=\"wp-block-separator\" \/>\n\n<h2><span id=\"lwptoc21\">2 &#8211; Propri\u00e9t\u00e9 intellectuelle et contrefa\u00e7ons<\/span><\/h2>\n<strong><span class=\"ff_dynamic_value\" data-ref=\"nom_proprietaire\" data-fallback=\"\">Monsieur Fr\u00e9d\u00e9ric Bernard<\/span><\/strong> est propri\u00e9taire des droits de propri\u00e9t\u00e9 intellectuelle et d\u00e9tient les droits d\u2019usage sur tous les \u00e9l\u00e9ments accessibles sur le site internet, notamment les textes, images, graphismes, logos, vid\u00e9os, architecture, ic\u00f4nes et sons.\n<br \/><br \/>\nToute reproduction, repr\u00e9sentation, modification, publication, adaptation de tout ou partie des \u00e9l\u00e9ments du site, quel que soit le moyen ou le proc\u00e9d\u00e9 utilis\u00e9, est interdite, sauf autorisation \u00e9crite pr\u00e9alable de <strong><span class=\"ff_dynamic_value\" data-ref=\"nom_proprietaire\" data-fallback=\"\">Monsieur Fr\u00e9d\u00e9ric Bernard<\/span><\/strong>.\n<br \/><br \/>\nToute exploitation non autoris\u00e9e du site ou de l\u2019un quelconque des \u00e9l\u00e9ments qu\u2019il contient sera consid\u00e9r\u00e9e comme constitutive d\u2019une contrefa\u00e7on et poursuivie conform\u00e9ment aux dispositions des articles <a href=\"https:\/\/www.legifrance.gouv.fr\/affichCodeArticle.do?idArticle=LEGIARTI000032655082&amp;cidTexte=LEGITEXT000006069414&amp;dateTexte=20160605\" target=\"_blank\" rel=\"noreferrer nofollow noopener\">L.335-2 et suivants du Code de Propri\u00e9t\u00e9 Intellectuelle<\/a>.\n\n<hr class=\"wp-block-separator\" \/>\n\n<h2><span id=\"lwptoc22\">3 &#8211; Limitations de responsabilit\u00e9<\/span><\/h2>\n<strong><span class=\"ff_dynamic_value\" data-ref=\"nom_proprietaire\" data-fallback=\"\">Monsieur Fr\u00e9d\u00e9ric Bernard<\/span><\/strong> ne pourra \u00eatre tenu pour responsable des dommages directs et indirects caus\u00e9s au mat\u00e9riel de l\u2019utilisateur, lors de l\u2019acc\u00e8s au site <strong><span class=\"ff_dynamic_value\" data-ref=\"url\" data-fallback=\"\">https:\/\/evisoproprete.fr\/<\/span><\/strong>.\n<br \/><br \/>\n<strong><span class=\"ff_dynamic_value\" data-ref=\"nom_proprietaire\" data-fallback=\"\">Monsieur Fr\u00e9d\u00e9ric Bernard<\/span><\/strong> d\u00e9cline toute responsabilit\u00e9 quant \u00e0 l\u2019utilisation qui pourrait \u00eatre faite des informations et contenus pr\u00e9sents sur <strong><span class=\"ff_dynamic_value\" data-ref=\"url\" data-fallback=\"\">https:\/\/evisoproprete.fr\/<\/span><\/strong>.\n<br \/><br \/>\n<strong><span class=\"ff_dynamic_value\" data-ref=\"nom_proprietaire\" data-fallback=\"\">Monsieur Fr\u00e9d\u00e9ric Bernard<\/span><\/strong> s\u2019engage \u00e0 s\u00e9curiser au mieux le site <strong><span class=\"ff_dynamic_value\" data-ref=\"url\" data-fallback=\"\">https:\/\/evisoproprete.fr\/<\/span><\/strong>, cependant sa responsabilit\u00e9 ne pourra \u00eatre mise en cause si des donn\u00e9es ind\u00e9sirables sont import\u00e9es et install\u00e9es sur son site \u00e0 son insu.\n<br \/><br \/>\nDes espaces interactifs (espace contact ou commentaires) sont \u00e0 la disposition des utilisateurs. <strong><span class=\"ff_dynamic_value\" data-ref=\"nom_proprietaire\" data-fallback=\"\">Monsieur Fr\u00e9d\u00e9ric Bernard<\/span><\/strong> se r\u00e9serve le droit de supprimer, sans mise en demeure pr\u00e9alable, tout contenu d\u00e9pos\u00e9 dans cet espace qui contreviendrait \u00e0 la l\u00e9gislation applicable en France, en particulier aux dispositions relatives \u00e0 la protection des donn\u00e9es.\n<br \/><br \/>\nLe cas \u00e9ch\u00e9ant, <strong><span class=\"ff_dynamic_value\" data-ref=\"nom_proprietaire\" data-fallback=\"\">Monsieur Fr\u00e9d\u00e9ric Bernard<\/span><\/strong> se r\u00e9serve \u00e9galement la possibilit\u00e9 de mettre en cause la responsabilit\u00e9 civile et\/ou p\u00e9nale de l\u2019utilisateur, notamment en cas de message \u00e0 caract\u00e8re raciste, injurieux, diffamant, ou pornographique, quel que soit le support utilis\u00e9 (texte, photographie \u2026).\n\n<hr class=\"wp-block-separator\" \/>\n\n<h2><span id=\"lwptoc23\">4 &#8211; CNIL et gestion des donn\u00e9es personnelles<\/span><\/h2>\nConform\u00e9ment aux dispositions de <a href=\"https:\/\/www.legifrance.gouv.fr\/affichTexte.do?cidTexte=JORFTEXT000000886460\" target=\"_blank\" rel=\"noreferrer nofollow noopener\">la loi 78-17 du 6 janvier 1978 modifi\u00e9e<\/a>, l\u2019utilisateur du site <strong><span class=\"ff_dynamic_value\" data-ref=\"url\" data-fallback=\"\">https:\/\/evisoproprete.fr\/<\/span><\/strong> dispose d\u2019un droit d\u2019acc\u00e8s, de modification et de suppression des informations collect\u00e9es. Pour exercer ce droit, envoyez un message \u00e0 notre D\u00e9l\u00e9gu\u00e9 \u00e0 la Protection des Donn\u00e9es : <strong><span class=\"ff_dynamic_value\" data-ref=\"dpo\" data-fallback=\"\">Mr Fr\u00e9d\u00e9ric Bernard<\/span><\/strong>.\n\n<hr class=\"wp-block-separator\" \/>\n\n<h2><span id=\"lwptoc24\">5 &#8211; Liens hypertextes et cookies<\/span><\/h2>\nLe site <strong><span class=\"ff_dynamic_value\" data-ref=\"url\" data-fallback=\"\">https:\/\/evisoproprete.fr\/<\/span><\/strong> contient des liens hypertextes vers d\u2019autres sites et d\u00e9gage toute responsabilit\u00e9 \u00e0 propos de ces liens externes ou des liens cr\u00e9\u00e9s par d\u2019autres sites vers <strong><span class=\"ff_dynamic_value\" data-ref=\"url\" data-fallback=\"\">https:\/\/evisoproprete.fr\/<\/span><\/strong>.\n<br \/><br \/>\nLa navigation sur le site <strong><span class=\"ff_dynamic_value\" data-ref=\"url\" data-fallback=\"\">https:\/\/evisoproprete.fr\/<\/span><\/strong> est susceptible de provoquer l\u2019installation de cookie(s) sur l\u2019ordinateur de l\u2019utilisateur.\n<br \/><br \/>\nUn \u00ab\u00a0cookie\u00a0\u00bb est un fichier de petite taille qui enregistre des informations relatives \u00e0 la navigation d\u2019un utilisateur sur un site. Les donn\u00e9es ainsi obtenues permettent d&rsquo;obtenir des mesures de fr\u00e9quentation, par exemple.\n<br \/><br \/>\nVous avez la possibilit\u00e9 <strong>d\u2019accepter ou de refuser les cookies<\/strong> en modifiant les param\u00e8tres de votre navigateur. Aucun cookie ne sera d\u00e9pos\u00e9 sans votre consentement.\n<br \/><br \/>\nLes cookies sont enregistr\u00e9s pour une dur\u00e9e maximale de <span class=\"ff_dynamic_value\" data-ref=\"cookies\" data-fallback=\"\">1<\/span> mois.\n\n<hr class=\"wp-block-separator\" \/>\n\n<h2><span id=\"lwptoc25\">6 &#8211; Droit applicable et attribution de juridiction<\/span><\/h2>\nTout litige en relation avec l\u2019utilisation du site <strong><span class=\"ff_dynamic_value\" data-ref=\"url\" data-fallback=\"\">https:\/\/evisoproprete.fr\/<\/span><\/strong> est soumis au droit fran\u00e7ais. En dehors des cas o\u00f9 la loi ne le permet pas, il est fait attribution exclusive de juridiction aux tribunaux comp\u00e9tents de Nevers.\t\t\t\t\t\t<\/div>\n\t\t\t\t<\/div>\n\t\t\t\t\t<\/div>\n\t\t<\/div>\n\t\t\t\t\t\t\t<\/div>\n\t\t<\/section>\n\t\t\t\t\t\t\t<\/div>\n\t\t","protected":false},"excerpt":{"rendered":"<p>1 &#8211; \u00c9dition du site En vertu de l&rsquo;article 6 de la loi n\u00b0 2004-575 du 21 juin 2004 pour la confiance dans l&rsquo;\u00e9conomie num\u00e9rique, il est pr\u00e9cis\u00e9 aux utilisateurs du site internet https:\/\/evisoproprete.fr\/ l&rsquo;identit\u00e9 des diff\u00e9rents intervenants dans le cadre de sa r\u00e9alisation et de son suivi : Propri\u00e9taire du site : Monsieur Boris&hellip;&nbsp;<a href=\"https:\/\/evisoproprete.fr\/index.php\/mentions-legales\/\" rel=\"bookmark\">Lire la suite &raquo;<span class=\"screen-reader-text\">Mentions l\u00e9gales<\/span><\/a><\/p>\n","protected":false},"author":1,"featured_media":0,"parent":0,"menu_order":0,"comment_status":"closed","ping_status":"closed","template":"page-templates\/template-pagebuilder-full-width.php","meta":{"neve_meta_sidebar":"full-width","neve_meta_container":"","neve_meta_enable_content_width":"","neve_meta_content_width":100,"neve_meta_title_alignment":"","neve_meta_author_avatar":"","neve_post_elements_order":"","neve_meta_disable_header":"","neve_meta_disable_footer":"","neve_meta_disable_title":"on","footnotes":""},"class_list":["post-397","page","type-page","status-publish","hentry"],"yoast_head":"<!-- This site is optimized with the Yoast SEO plugin v27.0 - https:\/\/yoast.com\/product\/yoast-seo-wordpress\/ -->\n<title>Mentions l\u00e9gales - EVISO PROPRET\u00c9<\/title>\n<meta name=\"robots\" content=\"index, follow, max-snippet:-1, max-image-preview:large, max-video-preview:-1\" \/>\n<link rel=\"canonical\" href=\"https:\/\/evisoproprete.fr\/index.php\/mentions-legales\/\" \/>\n<meta property=\"og:locale\" content=\"fr_FR\" \/>\n<meta property=\"og:type\" content=\"article\" \/>\n<meta property=\"og:title\" content=\"Mentions l\u00e9gales - EVISO PROPRET\u00c9\" \/>\n<meta property=\"og:description\" content=\"1 &#8211; \u00c9dition du site En vertu de l&rsquo;article 6 de la loi n\u00b0 2004-575 du 21 juin 2004 pour la confiance dans l&rsquo;\u00e9conomie num\u00e9rique, il est pr\u00e9cis\u00e9 aux utilisateurs du site internet https:\/\/evisoproprete.fr\/ l&rsquo;identit\u00e9 des diff\u00e9rents intervenants dans le cadre de sa r\u00e9alisation et de son suivi : Propri\u00e9taire du site : Monsieur Boris&hellip;&nbsp;Lire la suite &raquo;Mentions l\u00e9gales\" \/>\n<meta property=\"og:url\" content=\"https:\/\/evisoproprete.fr\/index.php\/mentions-legales\/\" \/>\n<meta property=\"og:site_name\" content=\"EVISO PROPRET\u00c9\" \/>\n<meta property=\"article:modified_time\" content=\"2023-12-05T10:00:33+00:00\" \/>\n<meta name=\"twitter:card\" content=\"summary_large_image\" \/>\n<meta name=\"twitter:label1\" content=\"Dur\u00e9e de lecture estim\u00e9e\" \/>\n\t<meta name=\"twitter:data1\" content=\"4 minutes\" \/>\n<script type=\"application\/ld+json\" class=\"yoast-schema-graph\">{\"@context\":\"https:\/\/schema.org\",\"@graph\":[{\"@type\":\"WebPage\",\"@id\":\"https:\/\/evisoproprete.fr\/index.php\/mentions-legales\/\",\"url\":\"https:\/\/evisoproprete.fr\/index.php\/mentions-legales\/\",\"name\":\"Mentions l\u00e9gales - EVISO PROPRET\u00c9\",\"isPartOf\":{\"@id\":\"https:\/\/evisoproprete.fr\/#website\"},\"datePublished\":\"2020-01-01T21:35:15+00:00\",\"dateModified\":\"2023-12-05T10:00:33+00:00\",\"breadcrumb\":{\"@id\":\"https:\/\/evisoproprete.fr\/index.php\/mentions-legales\/#breadcrumb\"},\"inLanguage\":\"fr-FR\",\"potentialAction\":[{\"@type\":\"ReadAction\",\"target\":[\"https:\/\/evisoproprete.fr\/index.php\/mentions-legales\/\"]}]},{\"@type\":\"BreadcrumbList\",\"@id\":\"https:\/\/evisoproprete.fr\/index.php\/mentions-legales\/#breadcrumb\",\"itemListElement\":[{\"@type\":\"ListItem\",\"position\":1,\"name\":\"Accueil\",\"item\":\"https:\/\/evisoproprete.fr\/\"},{\"@type\":\"ListItem\",\"position\":2,\"name\":\"Mentions l\u00e9gales\"}]},{\"@type\":\"WebSite\",\"@id\":\"https:\/\/evisoproprete.fr\/#website\",\"url\":\"https:\/\/evisoproprete.fr\/\",\"name\":\"EVISO PROPRET\u00c9\",\"description\":\"\u2706 06 42 40 72 76 Nettoyage sur N\u00eemes et le Gard\",\"potentialAction\":[{\"@type\":\"SearchAction\",\"target\":{\"@type\":\"EntryPoint\",\"urlTemplate\":\"https:\/\/evisoproprete.fr\/?s={search_term_string}\"},\"query-input\":{\"@type\":\"PropertyValueSpecification\",\"valueRequired\":true,\"valueName\":\"search_term_string\"}}],\"inLanguage\":\"fr-FR\"}]}<\/script>\n<!-- \/ Yoast SEO plugin. -->","yoast_head_json":{"title":"Mentions l\u00e9gales - EVISO PROPRET\u00c9","robots":{"index":"index","follow":"follow","max-snippet":"max-snippet:-1","max-image-preview":"max-image-preview:large","max-video-preview":"max-video-preview:-1"},"canonical":"https:\/\/evisoproprete.fr\/index.php\/mentions-legales\/","og_locale":"fr_FR","og_type":"article","og_title":"Mentions l\u00e9gales - EVISO PROPRET\u00c9","og_description":"1 &#8211; \u00c9dition du site En vertu de l&rsquo;article 6 de la loi n\u00b0 2004-575 du 21 juin 2004 pour la confiance dans l&rsquo;\u00e9conomie num\u00e9rique, il est pr\u00e9cis\u00e9 aux utilisateurs du site internet https:\/\/evisoproprete.fr\/ l&rsquo;identit\u00e9 des diff\u00e9rents intervenants dans le cadre de sa r\u00e9alisation et de son suivi : Propri\u00e9taire du site : Monsieur Boris&hellip;&nbsp;Lire la suite &raquo;Mentions l\u00e9gales","og_url":"https:\/\/evisoproprete.fr\/index.php\/mentions-legales\/","og_site_name":"EVISO PROPRET\u00c9","article_modified_time":"2023-12-05T10:00:33+00:00","twitter_card":"summary_large_image","twitter_misc":{"Dur\u00e9e de lecture estim\u00e9e":"4 minutes"},"schema":{"@context":"https:\/\/schema.org","@graph":[{"@type":"WebPage","@id":"https:\/\/evisoproprete.fr\/index.php\/mentions-legales\/","url":"https:\/\/evisoproprete.fr\/index.php\/mentions-legales\/","name":"Mentions l\u00e9gales - EVISO PROPRET\u00c9","isPartOf":{"@id":"https:\/\/evisoproprete.fr\/#website"},"datePublished":"2020-01-01T21:35:15+00:00","dateModified":"2023-12-05T10:00:33+00:00","breadcrumb":{"@id":"https:\/\/evisoproprete.fr\/index.php\/mentions-legales\/#breadcrumb"},"inLanguage":"fr-FR","potentialAction":[{"@type":"ReadAction","target":["https:\/\/evisoproprete.fr\/index.php\/mentions-legales\/"]}]},{"@type":"BreadcrumbList","@id":"https:\/\/evisoproprete.fr\/index.php\/mentions-legales\/#breadcrumb","itemListElement":[{"@type":"ListItem","position":1,"name":"Accueil","item":"https:\/\/evisoproprete.fr\/"},{"@type":"ListItem","position":2,"name":"Mentions l\u00e9gales"}]},{"@type":"WebSite","@id":"https:\/\/evisoproprete.fr\/#website","url":"https:\/\/evisoproprete.fr\/","name":"EVISO PROPRET\u00c9","description":"\u2706 06 42 40 72 76 Nettoyage sur N\u00eemes et le Gard","potentialAction":[{"@type":"SearchAction","target":{"@type":"EntryPoint","urlTemplate":"https:\/\/evisoproprete.fr\/?s={search_term_string}"},"query-input":{"@type":"PropertyValueSpecification","valueRequired":true,"valueName":"search_term_string"}}],"inLanguage":"fr-FR"}]}},"_links":{"self":[{"href":"https:\/\/evisoproprete.fr\/index.php\/wp-json\/wp\/v2\/pages\/397","targetHints":{"allow":["GET"]}}],"collection":[{"href":"https:\/\/evisoproprete.fr\/index.php\/wp-json\/wp\/v2\/pages"}],"about":[{"href":"https:\/\/evisoproprete.fr\/index.php\/wp-json\/wp\/v2\/types\/page"}],"author":[{"embeddable":true,"href":"https:\/\/evisoproprete.fr\/index.php\/wp-json\/wp\/v2\/users\/1"}],"replies":[{"embeddable":true,"href":"https:\/\/evisoproprete.fr\/index.php\/wp-json\/wp\/v2\/comments?post=397"}],"version-history":[{"count":14,"href":"https:\/\/evisoproprete.fr\/index.php\/wp-json\/wp\/v2\/pages\/397\/revisions"}],"predecessor-version":[{"id":522,"href":"https:\/\/evisoproprete.fr\/index.php\/wp-json\/wp\/v2\/pages\/397\/revisions\/522"}],"wp:attachment":[{"href":"https:\/\/evisoproprete.fr\/index.php\/wp-json\/wp\/v2\/media?parent=397"}],"curies":[{"name":"wp","href":"https:\/\/api.w.org\/{rel}","templated":true}]}}