{"id":301,"date":"2020-01-01T17:09:37","date_gmt":"2020-01-01T16:09:37","guid":{"rendered":"http:\/\/evisoproprete.fr\/?page_id=301"},"modified":"2020-01-01T23:24:10","modified_gmt":"2020-01-01T22:24:10","slug":"les-valeurs-voulues-par-lentreprise-eviso","status":"publish","type":"page","link":"https:\/\/evisoproprete.fr\/index.php\/les-valeurs-voulues-par-lentreprise-eviso\/","title":{"rendered":"Entretien locaux N\u00eemes Gard &#8211; \u00c0 propos"},"content":{"rendered":"\t\t<div data-elementor-type=\"wp-page\" data-elementor-id=\"301\" class=\"elementor elementor-301\">\n\t\t\t\t\t\t\t\t\t<section class=\"elementor-section elementor-top-section elementor-element elementor-element-e702a79 elementor-section-boxed elementor-section-height-default elementor-section-height-default\" data-id=\"e702a79\" data-element_type=\"section\">\n\t\t\t\t\t\t<div class=\"elementor-container elementor-column-gap-default\">\n\t\t\t\t\t<div class=\"elementor-column elementor-col-100 elementor-top-column elementor-element elementor-element-772ad00\" data-id=\"772ad00\" data-element_type=\"column\">\n\t\t\t<div class=\"elementor-widget-wrap elementor-element-populated\">\n\t\t\t\t\t\t\t\t<div class=\"elementor-element elementor-element-cc4cbeb elementor-widget elementor-widget-heading\" data-id=\"cc4cbeb\" data-element_type=\"widget\" data-widget_type=\"heading.default\">\n\t\t\t\t<div class=\"elementor-widget-container\">\n\t\t\t<h2 class=\"elementor-heading-title elementor-size-default\">Nos valeurs \u00e0 votre service<\/h2>\t\t<\/div>\n\t\t\t\t<\/div>\n\t\t\t\t\t<\/div>\n\t\t<\/div>\n\t\t\t\t\t\t\t<\/div>\n\t\t<\/section>\n\t\t\t\t<section class=\"elementor-section elementor-top-section elementor-element elementor-element-97f7b82 elementor-section-boxed elementor-section-height-default elementor-section-height-default\" data-id=\"97f7b82\" data-element_type=\"section\">\n\t\t\t\t\t\t<div class=\"elementor-container elementor-column-gap-default\">\n\t\t\t\t\t<div class=\"elementor-column elementor-col-100 elementor-top-column elementor-element elementor-element-b6a2a33\" data-id=\"b6a2a33\" data-element_type=\"column\">\n\t\t\t<div class=\"elementor-widget-wrap elementor-element-populated\">\n\t\t\t\t\t\t\t\t<div class=\"elementor-element elementor-element-16ab3c6 elementor-widget elementor-widget-image\" data-id=\"16ab3c6\" data-element_type=\"widget\" data-widget_type=\"image.default\">\n\t\t\t\t<div class=\"elementor-widget-container\">\n\t\t\t\t\t\t\t\t\t\t\t\t\t\t\t<img decoding=\"async\" src=\"https:\/\/evisoproprete.fr\/wp-content\/uploads\/elementor\/thumbs\/summer-3623282_1920-oj1ajf02w4ydqt78grvj9dtko8lkd3axl9ytrhm46w.jpg\" title=\"summer-3623282_1920\" alt=\"summer-3623282_1920\" loading=\"lazy\" \/>\t\t\t\t\t\t\t\t\t\t\t\t\t\t\t<\/div>\n\t\t\t\t<\/div>\n\t\t\t\t\t<\/div>\n\t\t<\/div>\n\t\t\t\t\t\t\t<\/div>\n\t\t<\/section>\n\t\t\t\t<section class=\"elementor-section elementor-top-section elementor-element elementor-element-9f7d4bd elementor-section-boxed elementor-section-height-default elementor-section-height-default\" data-id=\"9f7d4bd\" data-element_type=\"section\">\n\t\t\t\t\t\t<div class=\"elementor-container elementor-column-gap-default\">\n\t\t\t\t\t<div class=\"elementor-column elementor-col-33 elementor-top-column elementor-element elementor-element-ea025ce\" data-id=\"ea025ce\" data-element_type=\"column\">\n\t\t\t<div class=\"elementor-widget-wrap elementor-element-populated\">\n\t\t\t\t\t\t\t\t<div class=\"elementor-element elementor-element-7d6d824 elementor-widget elementor-widget-image\" data-id=\"7d6d824\" data-element_type=\"widget\" data-widget_type=\"image.default\">\n\t\t\t\t<div class=\"elementor-widget-container\">\n\t\t\t\t\t\t\t\t\t\t\t\t\t\t\t<img decoding=\"async\" src=\"https:\/\/evisoproprete.fr\/wp-content\/uploads\/elementor\/thumbs\/nettoyage-bureau-oj1c3i167x1k17274jg1xhsbulppd6rg2nm874zqzo.jpg\" title=\"nettoyage-bureau\" alt=\"nettoyage-bureau\" loading=\"lazy\" \/>\t\t\t\t\t\t\t\t\t\t\t\t\t\t\t<\/div>\n\t\t\t\t<\/div>\n\t\t\t\t\t<\/div>\n\t\t<\/div>\n\t\t\t\t<div class=\"elementor-column elementor-col-66 elementor-top-column elementor-element elementor-element-97428dc\" data-id=\"97428dc\" data-element_type=\"column\">\n\t\t\t<div class=\"elementor-widget-wrap elementor-element-populated\">\n\t\t\t\t\t\t\t\t<div class=\"elementor-element elementor-element-ce61676 elementor-widget elementor-widget-text-editor\" data-id=\"ce61676\" data-element_type=\"widget\" data-widget_type=\"text-editor.default\">\n\t\t\t\t<div class=\"elementor-widget-container\">\n\t\t\t\t\t\t\t<p><span style=\"font-family: helvetica, arial, sans-serif;\"><strong>Eviso Propret\u00e9<\/strong> est une entreprise locale implant\u00e9e \u00e0 <strong>N\u00eemes<\/strong> qui s&rsquo;entoure de professionnels \u00e0 l&rsquo;\u00e9coute de ses interlocuteurs et de ses exigences en mati\u00e8re de <strong>propret\u00e9<\/strong>.<br \/><\/span><\/p><p><span style=\"font-family: helvetica, arial, sans-serif;\">Vivre et travailler dans un univers propre apporte la <strong>s\u00e9r\u00e9nit\u00e9<\/strong> dans la vie de tous les jours, autant <strong>chez soi<\/strong> qu&rsquo;en <strong>entreprise<\/strong>.<\/span><\/p><p><span style=\"font-family: helvetica, arial, sans-serif;\">Pour garantir aux <strong>professionnels<\/strong> une image de marque toujours favorable et faire en sorte que leurs collaborateurs \u00e9voluent dans un univers o\u00f9 le travail est la principale pr\u00e9occupation, Eviso Propret\u00e9 s&rsquo;engage \u00e0 apporter tout son savoir faire en mati\u00e8re d&rsquo;<strong>entretien de locaux<\/strong>.<\/span><\/p><p><span style=\"font-family: helvetica, arial, sans-serif;\">Nous utilisons des mat\u00e9riaux et produits de grande <strong>qualit\u00e9<\/strong> afin de <strong>r\u00e9pondre \u00e0 toutes les exigences<\/strong>. Que ce soit pour des services ponctuels ou r\u00e9guliers, nos <strong>experts en nettoyage<\/strong> proposent un service adapt\u00e9. Ils sont toujours pr\u00eats \u00e0 vous conseiller et \u00e0 vous aider.<\/span><\/p>\t\t\t\t\t\t<\/div>\n\t\t\t\t<\/div>\n\t\t\t\t\t<\/div>\n\t\t<\/div>\n\t\t\t\t\t\t\t<\/div>\n\t\t<\/section>\n\t\t\t\t\t\t\t<\/div>\n\t\t","protected":false},"excerpt":{"rendered":"<p>Nos valeurs \u00e0 votre service Eviso Propret\u00e9 est une entreprise locale implant\u00e9e \u00e0 N\u00eemes qui s&rsquo;entoure de professionnels \u00e0 l&rsquo;\u00e9coute de ses interlocuteurs et de ses exigences en mati\u00e8re de propret\u00e9. Vivre et travailler dans un univers propre apporte la s\u00e9r\u00e9nit\u00e9 dans la vie de tous les jours, autant chez soi qu&rsquo;en entreprise. Pour garantir&hellip;&nbsp;<a href=\"https:\/\/evisoproprete.fr\/index.php\/les-valeurs-voulues-par-lentreprise-eviso\/\" rel=\"bookmark\">Lire la suite &raquo;<span class=\"screen-reader-text\">Entretien locaux N\u00eemes Gard &#8211; \u00c0 propos<\/span><\/a><\/p>\n","protected":false},"author":1,"featured_media":0,"parent":0,"menu_order":0,"comment_status":"closed","ping_status":"closed","template":"page-templates\/template-pagebuilder-full-width.php","meta":{"neve_meta_sidebar":"full-width","neve_meta_container":"","neve_meta_enable_content_width":"","neve_meta_content_width":100,"neve_meta_title_alignment":"","neve_meta_author_avatar":"","neve_post_elements_order":"","neve_meta_disable_header":"","neve_meta_disable_footer":"","neve_meta_disable_title":"on","footnotes":""},"class_list":["post-301","page","type-page","status-publish","hentry"],"yoast_head":"<!-- This site is optimized with the Yoast SEO plugin v27.0 - https:\/\/yoast.com\/product\/yoast-seo-wordpress\/ -->\n<title>Entretien locaux N\u00eemes Gard - \u00c0 propos EVISO PROPRET\u00c9<\/title>\n<meta name=\"description\" content=\"Valeurs d&#039;Eviso Propret\u00e9 sp\u00e9cialis\u00e9e dans l&#039;entretien et le nettoyage situ\u00e9e \u00e0 N\u00eemes, Gard : locaux, jardins pour entreprises et particuliers\" \/>\n<meta name=\"robots\" content=\"index, follow, max-snippet:-1, max-image-preview:large, max-video-preview:-1\" \/>\n<link rel=\"canonical\" href=\"https:\/\/evisoproprete.fr\/index.php\/les-valeurs-voulues-par-lentreprise-eviso\/\" \/>\n<meta property=\"og:locale\" content=\"fr_FR\" \/>\n<meta property=\"og:type\" content=\"article\" \/>\n<meta property=\"og:title\" content=\"Entretien locaux N\u00eemes Gard - \u00c0 propos EVISO PROPRET\u00c9\" \/>\n<meta property=\"og:description\" content=\"Valeurs d&#039;Eviso Propret\u00e9 sp\u00e9cialis\u00e9e dans l&#039;entretien et le nettoyage situ\u00e9e \u00e0 N\u00eemes, Gard : locaux, jardins pour entreprises et particuliers\" \/>\n<meta property=\"og:url\" content=\"https:\/\/evisoproprete.fr\/index.php\/les-valeurs-voulues-par-lentreprise-eviso\/\" \/>\n<meta property=\"og:site_name\" content=\"EVISO PROPRET\u00c9\" \/>\n<meta property=\"article:modified_time\" content=\"2020-01-01T22:24:10+00:00\" \/>\n<meta property=\"og:image\" content=\"https:\/\/evisoproprete.fr\/wp-content\/uploads\/elementor\/thumbs\/summer-3623282_1920-oj1ajf02w4ydqt78grvj9dtko8lkd3axl9ytrhm46w.jpg\" \/>\n<meta name=\"twitter:card\" content=\"summary_large_image\" \/>\n<meta name=\"twitter:label1\" content=\"Dur\u00e9e de lecture estim\u00e9e\" \/>\n\t<meta name=\"twitter:data1\" content=\"1 minute\" \/>\n<script type=\"application\/ld+json\" class=\"yoast-schema-graph\">{\"@context\":\"https:\/\/schema.org\",\"@graph\":[{\"@type\":\"WebPage\",\"@id\":\"https:\/\/evisoproprete.fr\/index.php\/les-valeurs-voulues-par-lentreprise-eviso\/\",\"url\":\"https:\/\/evisoproprete.fr\/index.php\/les-valeurs-voulues-par-lentreprise-eviso\/\",\"name\":\"Entretien locaux N\u00eemes Gard - \u00c0 propos EVISO PROPRET\u00c9\",\"isPartOf\":{\"@id\":\"https:\/\/evisoproprete.fr\/#website\"},\"primaryImageOfPage\":{\"@id\":\"https:\/\/evisoproprete.fr\/index.php\/les-valeurs-voulues-par-lentreprise-eviso\/#primaryimage\"},\"image\":{\"@id\":\"https:\/\/evisoproprete.fr\/index.php\/les-valeurs-voulues-par-lentreprise-eviso\/#primaryimage\"},\"thumbnailUrl\":\"https:\/\/evisoproprete.fr\/wp-content\/uploads\/elementor\/thumbs\/summer-3623282_1920-oj1ajf02w4ydqt78grvj9dtko8lkd3axl9ytrhm46w.jpg\",\"datePublished\":\"2020-01-01T16:09:37+00:00\",\"dateModified\":\"2020-01-01T22:24:10+00:00\",\"description\":\"Valeurs d'Eviso Propret\u00e9 sp\u00e9cialis\u00e9e dans l'entretien et le nettoyage situ\u00e9e \u00e0 N\u00eemes, Gard : locaux, jardins pour entreprises et particuliers\",\"breadcrumb\":{\"@id\":\"https:\/\/evisoproprete.fr\/index.php\/les-valeurs-voulues-par-lentreprise-eviso\/#breadcrumb\"},\"inLanguage\":\"fr-FR\",\"potentialAction\":[{\"@type\":\"ReadAction\",\"target\":[\"https:\/\/evisoproprete.fr\/index.php\/les-valeurs-voulues-par-lentreprise-eviso\/\"]}]},{\"@type\":\"ImageObject\",\"inLanguage\":\"fr-FR\",\"@id\":\"https:\/\/evisoproprete.fr\/index.php\/les-valeurs-voulues-par-lentreprise-eviso\/#primaryimage\",\"url\":\"https:\/\/evisoproprete.fr\/wp-content\/uploads\/elementor\/thumbs\/summer-3623282_1920-oj1ajf02w4ydqt78grvj9dtko8lkd3axl9ytrhm46w.jpg\",\"contentUrl\":\"https:\/\/evisoproprete.fr\/wp-content\/uploads\/elementor\/thumbs\/summer-3623282_1920-oj1ajf02w4ydqt78grvj9dtko8lkd3axl9ytrhm46w.jpg\"},{\"@type\":\"BreadcrumbList\",\"@id\":\"https:\/\/evisoproprete.fr\/index.php\/les-valeurs-voulues-par-lentreprise-eviso\/#breadcrumb\",\"itemListElement\":[{\"@type\":\"ListItem\",\"position\":1,\"name\":\"Accueil\",\"item\":\"https:\/\/evisoproprete.fr\/\"},{\"@type\":\"ListItem\",\"position\":2,\"name\":\"Entretien locaux N\u00eemes Gard &#8211; \u00c0 propos\"}]},{\"@type\":\"WebSite\",\"@id\":\"https:\/\/evisoproprete.fr\/#website\",\"url\":\"https:\/\/evisoproprete.fr\/\",\"name\":\"EVISO PROPRET\u00c9\",\"description\":\"\u2706 06 42 40 72 76 Nettoyage sur N\u00eemes et le Gard\",\"potentialAction\":[{\"@type\":\"SearchAction\",\"target\":{\"@type\":\"EntryPoint\",\"urlTemplate\":\"https:\/\/evisoproprete.fr\/?s={search_term_string}\"},\"query-input\":{\"@type\":\"PropertyValueSpecification\",\"valueRequired\":true,\"valueName\":\"search_term_string\"}}],\"inLanguage\":\"fr-FR\"}]}<\/script>\n<!-- \/ Yoast SEO plugin. -->","yoast_head_json":{"title":"Entretien locaux N\u00eemes Gard - \u00c0 propos EVISO PROPRET\u00c9","description":"Valeurs d'Eviso Propret\u00e9 sp\u00e9cialis\u00e9e dans l'entretien et le nettoyage situ\u00e9e \u00e0 N\u00eemes, Gard : locaux, jardins pour entreprises et particuliers","robots":{"index":"index","follow":"follow","max-snippet":"max-snippet:-1","max-image-preview":"max-image-preview:large","max-video-preview":"max-video-preview:-1"},"canonical":"https:\/\/evisoproprete.fr\/index.php\/les-valeurs-voulues-par-lentreprise-eviso\/","og_locale":"fr_FR","og_type":"article","og_title":"Entretien locaux N\u00eemes Gard - \u00c0 propos EVISO PROPRET\u00c9","og_description":"Valeurs d'Eviso Propret\u00e9 sp\u00e9cialis\u00e9e dans l'entretien et le nettoyage situ\u00e9e \u00e0 N\u00eemes, Gard : locaux, jardins pour entreprises et particuliers","og_url":"https:\/\/evisoproprete.fr\/index.php\/les-valeurs-voulues-par-lentreprise-eviso\/","og_site_name":"EVISO PROPRET\u00c9","article_modified_time":"2020-01-01T22:24:10+00:00","og_image":[{"url":"https:\/\/evisoproprete.fr\/wp-content\/uploads\/elementor\/thumbs\/summer-3623282_1920-oj1ajf02w4ydqt78grvj9dtko8lkd3axl9ytrhm46w.jpg","type":"","width":"","height":""}],"twitter_card":"summary_large_image","twitter_misc":{"Dur\u00e9e de lecture estim\u00e9e":"1 minute"},"schema":{"@context":"https:\/\/schema.org","@graph":[{"@type":"WebPage","@id":"https:\/\/evisoproprete.fr\/index.php\/les-valeurs-voulues-par-lentreprise-eviso\/","url":"https:\/\/evisoproprete.fr\/index.php\/les-valeurs-voulues-par-lentreprise-eviso\/","name":"Entretien locaux N\u00eemes Gard - \u00c0 propos EVISO PROPRET\u00c9","isPartOf":{"@id":"https:\/\/evisoproprete.fr\/#website"},"primaryImageOfPage":{"@id":"https:\/\/evisoproprete.fr\/index.php\/les-valeurs-voulues-par-lentreprise-eviso\/#primaryimage"},"image":{"@id":"https:\/\/evisoproprete.fr\/index.php\/les-valeurs-voulues-par-lentreprise-eviso\/#primaryimage"},"thumbnailUrl":"https:\/\/evisoproprete.fr\/wp-content\/uploads\/elementor\/thumbs\/summer-3623282_1920-oj1ajf02w4ydqt78grvj9dtko8lkd3axl9ytrhm46w.jpg","datePublished":"2020-01-01T16:09:37+00:00","dateModified":"2020-01-01T22:24:10+00:00","description":"Valeurs d'Eviso Propret\u00e9 sp\u00e9cialis\u00e9e dans l'entretien et le nettoyage situ\u00e9e \u00e0 N\u00eemes, Gard : locaux, jardins pour entreprises et particuliers","breadcrumb":{"@id":"https:\/\/evisoproprete.fr\/index.php\/les-valeurs-voulues-par-lentreprise-eviso\/#breadcrumb"},"inLanguage":"fr-FR","potentialAction":[{"@type":"ReadAction","target":["https:\/\/evisoproprete.fr\/index.php\/les-valeurs-voulues-par-lentreprise-eviso\/"]}]},{"@type":"ImageObject","inLanguage":"fr-FR","@id":"https:\/\/evisoproprete.fr\/index.php\/les-valeurs-voulues-par-lentreprise-eviso\/#primaryimage","url":"https:\/\/evisoproprete.fr\/wp-content\/uploads\/elementor\/thumbs\/summer-3623282_1920-oj1ajf02w4ydqt78grvj9dtko8lkd3axl9ytrhm46w.jpg","contentUrl":"https:\/\/evisoproprete.fr\/wp-content\/uploads\/elementor\/thumbs\/summer-3623282_1920-oj1ajf02w4ydqt78grvj9dtko8lkd3axl9ytrhm46w.jpg"},{"@type":"BreadcrumbList","@id":"https:\/\/evisoproprete.fr\/index.php\/les-valeurs-voulues-par-lentreprise-eviso\/#breadcrumb","itemListElement":[{"@type":"ListItem","position":1,"name":"Accueil","item":"https:\/\/evisoproprete.fr\/"},{"@type":"ListItem","position":2,"name":"Entretien locaux N\u00eemes Gard &#8211; \u00c0 propos"}]},{"@type":"WebSite","@id":"https:\/\/evisoproprete.fr\/#website","url":"https:\/\/evisoproprete.fr\/","name":"EVISO PROPRET\u00c9","description":"\u2706 06 42 40 72 76 Nettoyage sur N\u00eemes et le Gard","potentialAction":[{"@type":"SearchAction","target":{"@type":"EntryPoint","urlTemplate":"https:\/\/evisoproprete.fr\/?s={search_term_string}"},"query-input":{"@type":"PropertyValueSpecification","valueRequired":true,"valueName":"search_term_string"}}],"inLanguage":"fr-FR"}]}},"_links":{"self":[{"href":"https:\/\/evisoproprete.fr\/index.php\/wp-json\/wp\/v2\/pages\/301","targetHints":{"allow":["GET"]}}],"collection":[{"href":"https:\/\/evisoproprete.fr\/index.php\/wp-json\/wp\/v2\/pages"}],"about":[{"href":"https:\/\/evisoproprete.fr\/index.php\/wp-json\/wp\/v2\/types\/page"}],"author":[{"embeddable":true,"href":"https:\/\/evisoproprete.fr\/index.php\/wp-json\/wp\/v2\/users\/1"}],"replies":[{"embeddable":true,"href":"https:\/\/evisoproprete.fr\/index.php\/wp-json\/wp\/v2\/comments?post=301"}],"version-history":[{"count":30,"href":"https:\/\/evisoproprete.fr\/index.php\/wp-json\/wp\/v2\/pages\/301\/revisions"}],"predecessor-version":[{"id":418,"href":"https:\/\/evisoproprete.fr\/index.php\/wp-json\/wp\/v2\/pages\/301\/revisions\/418"}],"wp:attachment":[{"href":"https:\/\/evisoproprete.fr\/index.php\/wp-json\/wp\/v2\/media?parent=301"}],"curies":[{"name":"wp","href":"https:\/\/api.w.org\/{rel}","templated":true}]}}